{"id":4922,"date":"2020-07-05T15:15:29","date_gmt":"2020-07-05T19:15:29","guid":{"rendered":"https:\/\/equisource.ca\/?post_type=product&#038;p=4922"},"modified":"2020-08-20T10:16:07","modified_gmt":"2020-08-20T14:16:07","slug":"september-26-2020","status":"publish","type":"product","link":"https:\/\/equisource.ca\/en\/produit\/september-26-2020\/","title":{"rendered":"26\/09\/20"},"content":{"rendered":"<p><em>&#8211; Places limit\u00e9es : 12 personnes &#8211;<\/em><\/p>\n<p>La voix du cheval est le tout premier atelier d\u00e9velopp\u00e9 par Julie Radicioni, coach \u00e9thologique. C\u2019est \u00e9galement l\u2019atelier le plus populaire. La voix du cheval t\u2019invite \u00e0 d\u00e9couvrir ton soi authentique par l\u2019effet miroir du cheval. Cet atelier d\u2019une journ\u00e9e t\u2019offre des outils pour am\u00e9liorer ta connaissance et ton affirmation de soi dans une perspective de leadership. Am\u00e9liore tes communications, g\u00e8re ton stress et sois coh\u00e9rent avec toi-m\u00eame. Les chevaux t\u2019accompagneront dans ce processus de d\u00e9couverte et te guideront vers l\u2019affirmation de ton \u00eatre.<\/p>\n","protected":false},"excerpt":{"rendered":"<p>&#8211; Places limit\u00e9es : 12 personnes &#8211; La voix du cheval est le tout premier atelier d\u00e9velopp\u00e9 par Julie Radicioni, coach \u00e9thologique. C\u2019est \u00e9galement l\u2019atelier le plus populaire. La voix [&hellip;]<\/p>\n","protected":false},"featured_media":3845,"comment_status":"closed","ping_status":"closed","template":"","meta":{"_seopress_robots_primary_cat":"none","_seopress_titles_title":"","_seopress_titles_desc":"","_seopress_robots_index":"","site-sidebar-layout":"default","site-content-layout":"default","ast-site-content-layout":"default","site-content-style":"default","site-sidebar-style":"default","ast-global-header-display":"","ast-banner-title-visibility":"","ast-main-header-display":"","ast-hfb-above-header-display":"","ast-hfb-below-header-display":"","ast-hfb-mobile-header-display":"","site-post-title":"","ast-breadcrumbs-content":"","ast-featured-img":"","footer-sml-layout":"","ast-disable-related-posts":"","theme-transparent-header-meta":"default","adv-header-id-meta":"","stick-header-meta":"","header-above-stick-meta":"","header-main-stick-meta":"","header-below-stick-meta":"","astra-migrate-meta-layouts":"default","ast-page-background-enabled":"default","ast-page-background-meta":{"desktop":{"background-color":"","background-image":"","background-repeat":"repeat","background-position":"center center","background-size":"auto","background-attachment":"scroll","background-type":"","background-media":"","overlay-type":"","overlay-color":"","overlay-opacity":"","overlay-gradient":""},"tablet":{"background-color":"","background-image":"","background-repeat":"repeat","background-position":"center center","background-size":"auto","background-attachment":"scroll","background-type":"","background-media":"","overlay-type":"","overlay-color":"","overlay-opacity":"","overlay-gradient":""},"mobile":{"background-color":"","background-image":"","background-repeat":"repeat","background-position":"center center","background-size":"auto","background-attachment":"scroll","background-type":"","background-media":"","overlay-type":"","overlay-color":"","overlay-opacity":"","overlay-gradient":""}},"ast-content-background-meta":{"desktop":{"background-color":"var(--ast-global-color-5)","background-image":"","background-repeat":"repeat","background-position":"center center","background-size":"auto","background-attachment":"scroll","background-type":"","background-media":"","overlay-type":"","overlay-color":"","overlay-opacity":"","overlay-gradient":""},"tablet":{"background-color":"var(--ast-global-color-5)","background-image":"","background-repeat":"repeat","background-position":"center center","background-size":"auto","background-attachment":"scroll","background-type":"","background-media":"","overlay-type":"","overlay-color":"","overlay-opacity":"","overlay-gradient":""},"mobile":{"background-color":"var(--ast-global-color-5)","background-image":"","background-repeat":"repeat","background-position":"center center","background-size":"auto","background-attachment":"scroll","background-type":"","background-media":"","overlay-type":"","overlay-color":"","overlay-opacity":"","overlay-gradient":""}},"_price":"175.00","_stock":null,"_tribe_ticket_header":"","_tribe_default_ticket_provider":"","_tribe_ticket_capacity":"","_ticket_start_date":"","_ticket_end_date":"","_tribe_ticket_show_description":"","_tribe_ticket_show_not_going":false,"_tribe_ticket_use_global_stock":"","_tribe_ticket_global_stock_level":"","_global_stock_mode":"","_global_stock_cap":"","_tribe_rsvp_for_event":"","_tribe_ticket_going_count":"","_tribe_ticket_not_going_count":"","_tribe_tickets_list":"[]","_tribe_ticket_has_attendee_info_fields":false,"_glsr_average":0,"_glsr_ranking":0,"_glsr_reviews":0,"_tec_slr_enabled":"","_tec_slr_layout":""},"product_brand":[],"product_cat":[114,115],"product_tag":[],"class_list":{"0":"post-4922","1":"product","2":"type-product","3":"status-publish","4":"has-post-thumbnail","6":"product_cat-developpement-personnel-en","7":"product_cat-ticket-en","8":"desktop-align-left","9":"tablet-align-left","10":"mobile-align-left","12":"first","13":"instock","14":"virtual","15":"taxable","16":"purchasable","17":"product-type-simple"},"_links":{"self":[{"href":"https:\/\/equisource.ca\/en\/wp-json\/wp\/v2\/product\/4922","targetHints":{"allow":["GET"]}}],"collection":[{"href":"https:\/\/equisource.ca\/en\/wp-json\/wp\/v2\/product"}],"about":[{"href":"https:\/\/equisource.ca\/en\/wp-json\/wp\/v2\/types\/product"}],"replies":[{"embeddable":true,"href":"https:\/\/equisource.ca\/en\/wp-json\/wp\/v2\/comments?post=4922"}],"version-history":[{"count":0,"href":"https:\/\/equisource.ca\/en\/wp-json\/wp\/v2\/product\/4922\/revisions"}],"wp:featuredmedia":[{"embeddable":true,"href":"https:\/\/equisource.ca\/en\/wp-json\/wp\/v2\/media\/3845"}],"wp:attachment":[{"href":"https:\/\/equisource.ca\/en\/wp-json\/wp\/v2\/media?parent=4922"}],"wp:term":[{"taxonomy":"product_brand","embeddable":true,"href":"https:\/\/equisource.ca\/en\/wp-json\/wp\/v2\/product_brand?post=4922"},{"taxonomy":"product_cat","embeddable":true,"href":"https:\/\/equisource.ca\/en\/wp-json\/wp\/v2\/product_cat?post=4922"},{"taxonomy":"product_tag","embeddable":true,"href":"https:\/\/equisource.ca\/en\/wp-json\/wp\/v2\/product_tag?post=4922"}],"curies":[{"name":"wp","href":"https:\/\/api.w.org\/{rel}","templated":true}]}}