{"id":7782,"date":"2020-11-25T15:59:01","date_gmt":"2020-11-25T20:59:01","guid":{"rendered":"https:\/\/equisource.ca\/idees-cadeaux-2\/"},"modified":"2020-11-25T15:59:01","modified_gmt":"2020-11-25T20:59:01","slug":"idees-cadeaux","status":"publish","type":"page","link":"https:\/\/equisource.ca\/en\/idees-cadeaux\/","title":{"rendered":"Id\u00e9es cadeaux"},"content":{"rendered":"<p><img loading=\"lazy\" decoding=\"async\" width=\"200\" height=\"200\" src=\"https:\/\/equisource.ca\/wp-content\/uploads\/2020\/11\/gift.png\" alt=\"\" loading=\"lazy\" srcset=\"https:\/\/equisource.ca\/wp-content\/uploads\/2020\/11\/gift.png 200w, https:\/\/equisource.ca\/wp-content\/uploads\/2020\/11\/gift-150x150.png 150w, https:\/\/equisource.ca\/wp-content\/uploads\/2020\/11\/gift-100x100.png 100w, https:\/\/equisource.ca\/wp-content\/uploads\/2020\/11\/gift-60x60.png 60w, https:\/\/equisource.ca\/wp-content\/uploads\/2020\/11\/gift-90x90.png 90w\" sizes=\"auto, (max-width: 200px) 100vw, 200px\" \/>\t\t\t\t\t\t\t\t\t\t\t\t\t\t<\/p>\n<h2>Certificat-cadeau<\/h2>\n<p>Si tu souhaites donner un cadeau unique \u00e0 une personne unique, <br \/>le certificat-cadeau d&#8217;Equisource est le pr\u00e9sent id\u00e9al!<\/p>\n<p>\t\t\t<a rel=\"nofollow\" href=\"https:\/\/equisource.ca\/en\/produit\/gift-card\/\" data-quantity=\"1\" data-product_id=\"3998\" role=\"button\"><br \/>\n\t\t\t\t\t\tOffrir un certificat<br \/>\n\t\t\t\t\t<\/a><\/p>\n<h2>Suggestions cadeaux<\/h2>\n<p>Produits, cours et ateliers : ce sont l\u00e0 des id\u00e9es originales pour les passionn\u00e9s des chevaux !<\/p>\n<h2>Comment parler cheval<\/h2>\n<h3>Offre pour No\u00ebl seulement<\/h3>\n<p>Tu as l&#8217;impression que ton \u00e9quitation a atteint un plateau ? Ou peut-\u00eatre que tu d\u00e9butes et tu ne sais pas par o\u00f9 commencer ? Ne t&#8217;inqui\u00e8te pas, tu n&#8217;es pas seul(e). C&#8217;est un probl\u00e8me commun, peu importe ton niveau ou tes objectifs. Il est temps d&#8217;adopter une nouvelle approche, Equisource et Julie te propose un mini-programme d\u2019introduction simple \u00e0 suivre.<\/p>\n<p>Voici ce que tu apprendras\u00a0:<br \/>&#8211; Communiquer avec ton cheval<br \/>&#8211; Comprendre ses besoins<br \/>&#8211; D\u00e9velopper tes connaissances<br \/>&#8211; Corriger les probl\u00e8mes de comportements<br \/>&#8211; D\u00e9velopper une connexion solide<\/p>\n<p>Julie fournit un encadrement et un soutien aux cavaliers de tous les niveaux, allant de la personne qui n\u2019a jamais mont\u00e9 \u00e0 cheval, aux cavaliers r\u00e9cr\u00e9atifs et aux professionnels dans leurs disciplines respectives.<\/p>\n<p><strong>Sur rendez-vous en ligne ou sur place.<br \/><\/strong><strong>2 heures \u2013 120$<\/strong><\/p>\n<p>\t\t\t<a href=\"https:\/\/equisource.ca\/en\/contact-us\/\" role=\"button\"><br \/>\n\t\t\t\t\t\tNous contacter<br \/>\n\t\t\t\t\t<\/a><br \/>\n\t\t\t\t\t\t\t\t\t\t\t\t<img loading=\"lazy\" decoding=\"async\" width=\"600\" height=\"600\" src=\"https:\/\/equisource.ca\/wp-content\/uploads\/2021\/12\/cheval-parler.png\" alt=\"\" loading=\"lazy\" srcset=\"https:\/\/equisource.ca\/wp-content\/uploads\/2021\/12\/cheval-parler.png 600w, https:\/\/equisource.ca\/wp-content\/uploads\/2021\/12\/cheval-parler-300x300.png 300w, https:\/\/equisource.ca\/wp-content\/uploads\/2021\/12\/cheval-parler-150x150.png 150w, https:\/\/equisource.ca\/wp-content\/uploads\/2021\/12\/cheval-parler-100x100.png 100w, https:\/\/equisource.ca\/wp-content\/uploads\/2021\/12\/cheval-parler-60x60.png 60w, https:\/\/equisource.ca\/wp-content\/uploads\/2021\/12\/cheval-parler-90x90.png 90w\" sizes=\"auto, (max-width: 600px) 100vw, 600px\" \/>\t\t\t\t\t\t\t\t\t\t\t\t\t\t<\/p>\n<div class=\"ast-oembed-container \" style=\"height: 100%;\"><iframe title=\"MimosaRailCrosing\" width=\"500\" height=\"281\" src=\"https:\/\/www.youtube.com\/embed\/D1dW9wmQ7M4?feature=oembed\" frameborder=\"0\" allow=\"accelerometer; autoplay; clipboard-write; encrypted-media; gyroscope; picture-in-picture; web-share\" referrerpolicy=\"strict-origin-when-cross-origin\" allowfullscreen><\/iframe><\/div>\n<p>\t\t\t\t\t\t\t\t\t\t\t\t<img loading=\"lazy\" decoding=\"async\" width=\"600\" height=\"600\" src=\"https:\/\/equisource.ca\/wp-content\/uploads\/2020\/11\/voix.png\" alt=\"\" loading=\"lazy\" srcset=\"https:\/\/equisource.ca\/wp-content\/uploads\/2020\/11\/voix.png 600w, https:\/\/equisource.ca\/wp-content\/uploads\/2020\/11\/voix-300x300.png 300w, https:\/\/equisource.ca\/wp-content\/uploads\/2020\/11\/voix-150x150.png 150w, https:\/\/equisource.ca\/wp-content\/uploads\/2020\/11\/voix-100x100.png 100w, https:\/\/equisource.ca\/wp-content\/uploads\/2020\/11\/voix-60x60.png 60w, https:\/\/equisource.ca\/wp-content\/uploads\/2020\/11\/voix-90x90.png 90w\" sizes=\"auto, (max-width: 600px) 100vw, 600px\" \/>\t\t\t\t\t\t\t\t\t\t\t\t\t\t<\/p>\n<h2>La voix du cheval<\/h2>\n<p>Cet atelier d\u2019une journ\u00e9e t\u2019offre des outils pour am\u00e9liorer ta connaissance et ton affirmation de soi dans une perspective de leadership. Am\u00e9liore tes communications, g\u00e8re ton stress et sois coh\u00e9rent avec toi-m\u00eame. Les chevaux t\u2019accompagneront dans ce processus de d\u00e9couverte et te guideront vers l\u2019affirmation de ton \u00eatre.<\/p>\n<p>19 f\u00e9vrier 2022 &#8211; 9h \u00e0 17h<\/p>\n<p>\t\t\t<a href=\"https:\/\/equisource.ca\/en\/voice-of-the-horse\/\" role=\"button\"><br \/>\n\t\t\t\t\t\tEn savoir plus<br \/>\n\t\t\t\t\t<\/a><\/p>\n<h2>Hycoflex &#8211; Cheval<\/h2>\n<p>Chez Equisource, la sant\u00e9 des chevaux nous tient \u00e0 coeur. Passionn\u00e9e des chevaux et de leur mieux-\u00eatre, Julie Radicioni, fondatrice d\u2019Equisource, a d\u00e9velopp\u00e9 un suppl\u00e9ment cr\u00e9\u00e9 \u00e0 partir d\u2019acide hyaluronique, de collag\u00e8ne et d\u2019antioxydants\u2026 Un tout en un !<\/p>\n<p>\t\t\t<a rel=\"nofollow\" href=\"?add-to-cart=1497\" data-quantity=\"1\" data-product_id=\"1497\" role=\"button\"><br \/>\n\t\t\t\t\t\tAcheter<br \/>\n\t\t\t\t\t<\/a><br \/>\n\t\t\t\t\t\t\t\t\t\t\t\t<img loading=\"lazy\" decoding=\"async\" width=\"600\" height=\"600\" src=\"https:\/\/equisource.ca\/wp-content\/uploads\/2021\/12\/hycoflex-cheval-1.jpg\" alt=\"\" loading=\"lazy\" srcset=\"https:\/\/equisource.ca\/wp-content\/uploads\/2021\/12\/hycoflex-cheval-1.jpg 600w, https:\/\/equisource.ca\/wp-content\/uploads\/2021\/12\/hycoflex-cheval-1-300x300.jpg 300w, https:\/\/equisource.ca\/wp-content\/uploads\/2021\/12\/hycoflex-cheval-1-150x150.jpg 150w, https:\/\/equisource.ca\/wp-content\/uploads\/2021\/12\/hycoflex-cheval-1-100x100.jpg 100w, https:\/\/equisource.ca\/wp-content\/uploads\/2021\/12\/hycoflex-cheval-1-60x60.jpg 60w, https:\/\/equisource.ca\/wp-content\/uploads\/2021\/12\/hycoflex-cheval-1-90x90.jpg 90w\" sizes=\"auto, (max-width: 600px) 100vw, 600px\" \/><br \/>\n\t\t\t\t\t\t\t\t\t\t\t\t<img loading=\"lazy\" decoding=\"async\" width=\"600\" height=\"600\" src=\"https:\/\/equisource.ca\/wp-content\/uploads\/2020\/11\/seances.jpg\" alt=\"\" loading=\"lazy\" srcset=\"https:\/\/equisource.ca\/wp-content\/uploads\/2020\/11\/seances.jpg 600w, https:\/\/equisource.ca\/wp-content\/uploads\/2020\/11\/seances-300x300.jpg 300w, https:\/\/equisource.ca\/wp-content\/uploads\/2020\/11\/seances-150x150.jpg 150w, https:\/\/equisource.ca\/wp-content\/uploads\/2020\/11\/seances-100x100.jpg 100w, https:\/\/equisource.ca\/wp-content\/uploads\/2020\/11\/seances-60x60.jpg 60w, https:\/\/equisource.ca\/wp-content\/uploads\/2020\/11\/seances-90x90.jpg 90w\" sizes=\"auto, (max-width: 600px) 100vw, 600px\" \/>\t\t\t\t\t\t\t\t\t\t\t\t\t\t<\/p>\n<h2>S\u00e9ances individuelles<\/h2>\n<p>Les chevaux t\u2019aideront \u00e0 te reconnecter \u00e0 ton vrai soi. Les chevaux nous donnent seulement ce dont nous avons besoin dans le moment pr\u00e9sent. Cela nous donne une occasion d\u2019amorcer un cheminement de croissance personnelle en douceur et sans jugement.<\/p>\n<p>\t\t\t<a href=\"https:\/\/equisource.ca\/en\/individual-sessions\/\" role=\"button\"><br \/>\n\t\t\t\t\t\tEn savoir plus<br \/>\n\t\t\t\t\t<\/a><\/p>\n<h2>Hycoflex &#8211; Cavalier<\/h2>\n<p>\t\tHycoflex Cavalier a de nombreux avantages :- Est fondamental pour le composant du cartilage- Am\u00e9liore la sant\u00e9 des articulations- Soutient les disques spinaux- Favorise la sant\u00e9 des yeux- Minimise les rides et ridules- Am\u00e9liore l&#8217;\u00e9lasticit\u00e9 et l&#8217;hydratation de la peau<br \/>\n\t\t\t<a rel=\"nofollow\" href=\"?add-to-cart=6294\" data-quantity=\"1\" data-product_id=\"6294\" role=\"button\"><br \/>\n\t\t\t\t\t\tAcheter<br \/>\n\t\t\t\t\t<\/a><br \/>\n\t\t\t\t\t\t\t\t\t\t\t\t<img loading=\"lazy\" decoding=\"async\" width=\"600\" height=\"600\" src=\"https:\/\/equisource.ca\/wp-content\/uploads\/2021\/12\/hycoflex-cavalier.jpg\" alt=\"\" loading=\"lazy\" srcset=\"https:\/\/equisource.ca\/wp-content\/uploads\/2021\/12\/hycoflex-cavalier.jpg 600w, https:\/\/equisource.ca\/wp-content\/uploads\/2021\/12\/hycoflex-cavalier-300x300.jpg 300w, https:\/\/equisource.ca\/wp-content\/uploads\/2021\/12\/hycoflex-cavalier-150x150.jpg 150w, https:\/\/equisource.ca\/wp-content\/uploads\/2021\/12\/hycoflex-cavalier-100x100.jpg 100w, https:\/\/equisource.ca\/wp-content\/uploads\/2021\/12\/hycoflex-cavalier-60x60.jpg 60w, https:\/\/equisource.ca\/wp-content\/uploads\/2021\/12\/hycoflex-cavalier-90x90.jpg 90w\" sizes=\"auto, (max-width: 600px) 100vw, 600px\" \/><\/p>\n","protected":false},"excerpt":{"rendered":"<p>Certificat-cadeau Si tu souhaites donner un cadeau unique \u00e0 une personne unique, le certificat-cadeau d&#8217;Equisource est le pr\u00e9sent id\u00e9al! Offrir un certificat Suggestions cadeaux Produits, cours et ateliers : ce [&hellip;]<\/p>\n","protected":false},"author":6,"featured_media":0,"parent":0,"menu_order":0,"comment_status":"closed","ping_status":"closed","template":"","meta":{"_seopress_robots_primary_cat":"","_seopress_titles_title":"","_seopress_titles_desc":"","_seopress_robots_index":"","site-sidebar-layout":"default","site-content-layout":"","ast-site-content-layout":"default","site-content-style":"default","site-sidebar-style":"default","ast-global-header-display":"","ast-banner-title-visibility":"","ast-main-header-display":"","ast-hfb-above-header-display":"","ast-hfb-below-header-display":"","ast-hfb-mobile-header-display":"","site-post-title":"","ast-breadcrumbs-content":"","ast-featured-img":"","footer-sml-layout":"","ast-disable-related-posts":"","theme-transparent-header-meta":"","adv-header-id-meta":"","stick-header-meta":"","header-above-stick-meta":"","header-main-stick-meta":"","header-below-stick-meta":"","astra-migrate-meta-layouts":"default","ast-page-background-enabled":"default","ast-page-background-meta":{"desktop":{"background-color":"","background-image":"","background-repeat":"repeat","background-position":"center center","background-size":"auto","background-attachment":"scroll","background-type":"","background-media":"","overlay-type":"","overlay-color":"","overlay-opacity":"","overlay-gradient":""},"tablet":{"background-color":"","background-image":"","background-repeat":"repeat","background-position":"center center","background-size":"auto","background-attachment":"scroll","background-type":"","background-media":"","overlay-type":"","overlay-color":"","overlay-opacity":"","overlay-gradient":""},"mobile":{"background-color":"","background-image":"","background-repeat":"repeat","background-position":"center center","background-size":"auto","background-attachment":"scroll","background-type":"","background-media":"","overlay-type":"","overlay-color":"","overlay-opacity":"","overlay-gradient":""}},"ast-content-background-meta":{"desktop":{"background-color":"var(--ast-global-color-5)","background-image":"","background-repeat":"repeat","background-position":"center center","background-size":"auto","background-attachment":"scroll","background-type":"","background-media":"","overlay-type":"","overlay-color":"","overlay-opacity":"","overlay-gradient":""},"tablet":{"background-color":"var(--ast-global-color-5)","background-image":"","background-repeat":"repeat","background-position":"center center","background-size":"auto","background-attachment":"scroll","background-type":"","background-media":"","overlay-type":"","overlay-color":"","overlay-opacity":"","overlay-gradient":""},"mobile":{"background-color":"var(--ast-global-color-5)","background-image":"","background-repeat":"repeat","background-position":"center center","background-size":"auto","background-attachment":"scroll","background-type":"","background-media":"","overlay-type":"","overlay-color":"","overlay-opacity":"","overlay-gradient":""}},"_price":"","_stock":"","_tribe_ticket_header":"","_tribe_default_ticket_provider":"","_tribe_ticket_capacity":"0","_ticket_start_date":"","_ticket_end_date":"","_tribe_ticket_show_description":"","_tribe_ticket_show_not_going":false,"_tribe_ticket_use_global_stock":"","_tribe_ticket_global_stock_level":"","_global_stock_mode":"","_global_stock_cap":"","_tribe_rsvp_for_event":"","_tribe_ticket_going_count":"","_tribe_ticket_not_going_count":"","_tribe_tickets_list":"[]","_tribe_ticket_has_attendee_info_fields":false,"_glsr_average":0,"_glsr_ranking":0,"_glsr_reviews":0,"footnotes":"","_tec_slr_enabled":"","_tec_slr_layout":""},"class_list":["post-7782","page","type-page","status-publish","hentry"],"ticketed":false,"_links":{"self":[{"href":"https:\/\/equisource.ca\/en\/wp-json\/wp\/v2\/pages\/7782","targetHints":{"allow":["GET"]}}],"collection":[{"href":"https:\/\/equisource.ca\/en\/wp-json\/wp\/v2\/pages"}],"about":[{"href":"https:\/\/equisource.ca\/en\/wp-json\/wp\/v2\/types\/page"}],"author":[{"embeddable":true,"href":"https:\/\/equisource.ca\/en\/wp-json\/wp\/v2\/users\/6"}],"replies":[{"embeddable":true,"href":"https:\/\/equisource.ca\/en\/wp-json\/wp\/v2\/comments?post=7782"}],"version-history":[{"count":0,"href":"https:\/\/equisource.ca\/en\/wp-json\/wp\/v2\/pages\/7782\/revisions"}],"wp:attachment":[{"href":"https:\/\/equisource.ca\/en\/wp-json\/wp\/v2\/media?parent=7782"}],"curies":[{"name":"wp","href":"https:\/\/api.w.org\/{rel}","templated":true}]}}